{"id":19681,"date":"2021-04-10T17:31:16","date_gmt":"2021-04-10T15:31:16","guid":{"rendered":"https:\/\/realestateoccitanie.com\/useful-links\/"},"modified":"2021-05-26T06:55:30","modified_gmt":"2021-05-26T04:55:30","slug":"liens-utiles","status":"publish","type":"page","link":"https:\/\/realestateoccitanie.com\/fr\/liens-utiles\/","title":{"rendered":"Liens Utiles"},"content":{"rendered":"<section class=\"wpb-content-wrapper\"><p>[vc_row css=\u00a0\u00bb.vc_custom_1618763850277{margin-top: 30px !important;}\u00a0\u00bb][vc_column][vc_column_text]<\/p>\n<h3>G\u00eete les Ramparts<br \/>\nCharmante maison 3 chambres avec terrasse et vues dominantes sur les vignes.<\/h3>\n<p><a href=\"https:\/\/realestateoccitanie.com\/gite\/?lang=fr\"><img decoding=\"async\" loading=\"lazy\" class=\"aligncenter wp-image-20076 size-full\" src=\"https:\/\/realestateoccitanie.com\/wp-content\/uploads\/2021\/04\/ramparts-gite-fr-01-1.png\" alt=\"\" width=\"1894\" height=\"653\" srcset=\"https:\/\/realestateoccitanie.com\/wp-content\/uploads\/2021\/04\/ramparts-gite-fr-01-1.png 1894w, https:\/\/realestateoccitanie.com\/wp-content\/uploads\/2021\/04\/ramparts-gite-fr-01-1-300x103.png 300w, https:\/\/realestateoccitanie.com\/wp-content\/uploads\/2021\/04\/ramparts-gite-fr-01-1-1024x353.png 1024w, https:\/\/realestateoccitanie.com\/wp-content\/uploads\/2021\/04\/ramparts-gite-fr-01-1-768x265.png 768w, https:\/\/realestateoccitanie.com\/wp-content\/uploads\/2021\/04\/ramparts-gite-fr-01-1-1536x530.png 1536w\" sizes=\"(max-width: 1894px) 100vw, 1894px\" \/><\/a>[\/vc_column_text][\/vc_column][\/vc_row][vc_row][vc_column][vc_tta_accordion active_section=\u00a0\u00bb1&Prime; collapsible_all=\u00a0\u00bbtrue\u00a0\u00bb][vc_tta_section i_icon_fontawesome=\u00a0\u00bbfas fa-bed\u00a0\u00bb add_icon=\u00a0\u00bbtrue\u00a0\u00bb title=\u00a0\u00bbLocations-Rentals\/Hotels\/B&amp;B\/G\u00eetes\u00a0\u00bb tab_id=\u00a0\u00bbhotels\u00a0\u00bb][vc_column_text]<\/p>\n<ul>\n<li><a href=\"https:\/\/www.gitelacoquillade.com\/\" target=\"_blank\" rel=\"noopener\">Bed and Breakfast + G\u00eete \u00ab\u00a0La Coquillade\u00a0\u00bb &#8211; Autignac<\/a><\/li>\n<li><a href=\"http:\/\/www.lafontainebleu.fr\/\" target=\"_blank\" rel=\"noopener\">Bed and Breakfast \u00ab\u00a0La Fontaine Bleu\u00a0\u00bb &#8211; Causses et Veyran<\/a><\/li>\n<li><a href=\"http:\/\/docdor-languedoc.com\/\" target=\"_blank\" rel=\"noopener\">Lovely B&amp;B in Murviel-l\u00e9s-B\u00e9ziers with 5 rooms, pool and garden. Swedish owners<\/a><\/li>\n<li><a href=\"http:\/\/www.france-holiday-house.com.au\/\" target=\"_blank\" rel=\"noopener\">Beautifully appointed and spacious holiday house near beaches and in the heart of Herault wine country<\/a><\/li>\n<li><a href=\"http:\/\/www.hoteldespoetes.net\/\" target=\"_blank\" rel=\"noopener\">H\u00f4tel des Po\u00e8tes &#8211; B\u00e9ziers<\/a><\/li>\n<\/ul>\n<p>[\/vc_column_text][\/vc_tta_section][vc_tta_section i_icon_fontawesome=\u00a0\u00bbfas fa-search-dollar\u00a0\u00bb add_icon=\u00a0\u00bbtrue\u00a0\u00bb title=\u00a0\u00bbSite Utiles\u00a0\u00bb tab_id=\u00a0\u00bbproperty\u00a0\u00bb][vc_column_text]<\/p>\n<ul>\n<li><a href=\"https:\/\/www.magnafinancial.co.uk\/private-account-registration\/\" target=\"_blank\" rel=\"noopener\">Save money when transferring currency from &amp; to US, UK, Australia etc&#8230;&nbsp;for your house purchase\/sale in France &#8211; Open now an account with Magna Finance (easy!)<br \/>\n<\/a><\/li>\n<li><a href=\"http:\/\/news.bbc.co.uk\/weather\/forecast\/2094\" target=\"_blank\" rel=\"noopener\">Pr\u00e9visions m\u00e9t\u00e9o pour la semaine dans la r\u00e9gion de B\u00e9ziers par la BBC &#8211; Forecast for B\u00e9ziers from BBC<\/a><\/li>\n<li><a href=\"http:\/\/www.viamichelin.com\/\" target=\"_blank\" rel=\"noopener\">Calculez votre itin\u00e9raire (site de Michelin) &#8211; Calculate your itinerary with Michelin website<\/a><\/li>\n<li><a href=\"http:\/\/www.adt-herault.fr\/accueil-pro-1-1.html\" target=\"_blank\" rel=\"noopener\">Le site du Comit\u00e9 D\u00e9partemental du Tourisme de l&rsquo;H\u00e9rault<\/a><\/li>\n<li><a href=\"http:\/\/www.french-surveys.com\/\" target=\"_blank\" rel=\"noopener\">Locally-based bi-lingual Chartered Surveyor undertaking pre-purchase surveys<\/a><\/li>\n<li><a href=\"http:\/\/www.skyinfrance.co.uk\/\" target=\"_blank\" rel=\"noopener\">Get Sky TV in France<\/a><\/li>\n<\/ul>\n<p>[\/vc_column_text][\/vc_tta_section][vc_tta_section i_icon_fontawesome=\u00a0\u00bbfas fa-home\u00a0\u00bb add_icon=\u00a0\u00bbtrue\u00a0\u00bb title=\u00a0\u00bbNos maisons en vente sur d&rsquo;autres sites\u00a0\u00bb tab_id=\u00a0\u00bbothers\u00a0\u00bb][vc_column_text]<\/p>\n<ul>\n<li><a href=\"http:\/\/www.french-property.com\/f\/p\/nv\/agent\/144\">Internet French Property &#8211; Real estate Languedoc<\/a><\/li>\n<li><a href=\"http:\/\/www.frenchpropertylinks.com\/buying.asp?adverttype=forsale&amp;pricerange=&amp;feature=&amp;site=rel&amp;select=price&amp;propertiesperpage=40&amp;Currency=EUR&amp;propertycounty=&amp;ville=&amp;rr=&amp;dept=11\">Our properties in the Aude only &#8211; Aude property &#8211; Canal du Midi property<\/a><\/li>\n<li><a href=\"http:\/\/www.property-abroad.com\/france\/search\/?agentid=556\">Nos maisons dans l&rsquo;Aude uniquement &#8211; Immobilier Aude &#8211; Immobilier Canal du Midi<\/a><\/li>\n<\/ul>\n<p>[\/vc_column_text][\/vc_tta_section][\/vc_tta_accordion][\/vc_column][\/vc_row]<\/p>\n<\/section>","protected":false},"excerpt":{"rendered":"<p>[vc_row css=\u00a0\u00bb.vc_custom_1618763850277{margin-top: 30px !important;}\u00a0\u00bb][vc_column][vc_column_text] G\u00eete les Ramparts Charmante maison 3 chambres avec terrasse et vues dominantes sur les vignes. [\/vc_column_text][\/vc_column][\/vc_row][vc_row][vc_column][vc_tta_accordion active_section=\u00a0\u00bb1&Prime; collapsible_all=\u00a0\u00bbtrue\u00a0\u00bb][vc_tta_section i_icon_fontawesome=\u00a0\u00bbfas fa-bed\u00a0\u00bb add_icon=\u00a0\u00bbtrue\u00a0\u00bb title=\u00a0\u00bbLocations-Rentals\/Hotels\/B&amp;B\/G\u00eetes\u00a0\u00bb tab_id=\u00a0\u00bbhotels\u00a0\u00bb][vc_column_text] Bed and Breakfast + G\u00eete \u00ab\u00a0La Coquillade\u00a0\u00bb &#8211; Autignac Bed and Breakfast \u00ab\u00a0La Fontaine Bleu\u00a0\u00bb &#8211; Causses et Veyran Lovely B&amp;B in Murviel-l\u00e9s-B\u00e9ziers with 5 rooms, pool and garden. Swedish owners Beautifully appointed and spacious holiday house &#8230;<\/p>\n","protected":false},"author":3,"featured_media":0,"parent":0,"menu_order":0,"comment_status":"closed","ping_status":"closed","template":"","meta":{"_mi_skip_tracking":false,"_monsterinsights_sitenote_active":false,"_monsterinsights_sitenote_note":"","_monsterinsights_sitenote_category":0},"aioseo_notices":[],"_links":{"self":[{"href":"https:\/\/realestateoccitanie.com\/fr\/wp-json\/wp\/v2\/pages\/19681"}],"collection":[{"href":"https:\/\/realestateoccitanie.com\/fr\/wp-json\/wp\/v2\/pages"}],"about":[{"href":"https:\/\/realestateoccitanie.com\/fr\/wp-json\/wp\/v2\/types\/page"}],"author":[{"embeddable":true,"href":"https:\/\/realestateoccitanie.com\/fr\/wp-json\/wp\/v2\/users\/3"}],"replies":[{"embeddable":true,"href":"https:\/\/realestateoccitanie.com\/fr\/wp-json\/wp\/v2\/comments?post=19681"}],"version-history":[{"count":8,"href":"https:\/\/realestateoccitanie.com\/fr\/wp-json\/wp\/v2\/pages\/19681\/revisions"}],"predecessor-version":[{"id":20799,"href":"https:\/\/realestateoccitanie.com\/fr\/wp-json\/wp\/v2\/pages\/19681\/revisions\/20799"}],"wp:attachment":[{"href":"https:\/\/realestateoccitanie.com\/fr\/wp-json\/wp\/v2\/media?parent=19681"}],"curies":[{"name":"wp","href":"https:\/\/api.w.org\/{rel}","templated":true}]}}