{"id":20976,"date":"2021-06-01T17:14:14","date_gmt":"2021-06-01T15:14:14","guid":{"rendered":"https:\/\/realestateoccitanie.com\/?page_id=20976"},"modified":"2021-06-01T17:14:14","modified_gmt":"2021-06-01T15:14:14","slug":"rgpd","status":"publish","type":"page","link":"https:\/\/realestateoccitanie.com\/fr\/rgpd\/","title":{"rendered":"RGPD"},"content":{"rendered":"<p>Nos tarifs : Nos mandats sont exclusivement des mandats \u00e0 la charge des vendeurs. Aucune commission n&rsquo;est demand\u00e9e \u00e0 nos acqu\u00e9reurs. Les tarifs que nous pratiquons d\u00e9pendent du prix des diff\u00e9rents biens disponibles \u00e0 la vente et font partie d&rsquo;une n\u00e9gociation avec les vendeurs. La commission minimum est de 4.000 \u20ac TVA incluse pour les biens jusque 50.000 euros. Au dessus la commission d&rsquo;agence est variable entre 5 % et 10 % TVA incluse calcul\u00e9e \u00e0 partir du prix net vendeur et il est sujet \u00e0 une n\u00e9gociation avec les vendeurs, donc le taux peut \u00eatre diff\u00e9rent sur 2 biens au m\u00eame prix net vendeur. Quand une offre est soumise \u00e0 un prix inf\u00e9rieur au prix demand\u00e9, la politique de notre agence est de n\u00e9gocier \u00e0 la baisse notre commission afin qu&rsquo;un compromis satisfaisant soit trouv\u00e9 entre toutes les parties (vendeurs, acqu\u00e9reurs, agence). Pour les acqu\u00e9reurs, il convient d&rsquo;ajouter les frais de notaire au bar\u00eame en vigueur au moment de l&rsquo;achat. Le taux d\u00e9pend du prix d&rsquo;achat. Vous pouvez nous contacter pour obtenir pr\u00e9cis\u00e9ment sur chaque maison le montant des frais de notaire \u00e0 la charge des acqu\u00e9reurs, \u00e9galement le montant des frais d&rsquo;agence \u00e0 charge de nos vendeurs. Nous r\u00e9pondrons tr\u00e8s rapidement.<\/p>\n<p>Confidentialit\u00e9 :<\/p>\n<p>Freddy Rueda Sarl s\u2019engage \u00e0 ce que votre vie priv\u00e9e soit prot\u00e9g\u00e9e. Freddy Rueda SARL ne partage pas vos renseignements personnels, sauf sur demande expresse de votre part, par exemple pour une introduction \u00e0 des soci\u00e9t\u00e9s de construction, \u00e0 des compagnies d&rsquo;assurance, \u00e0 des soci\u00e9t\u00e9s effectuant du change, \u00e0 un notaire, \u00e0 un avocat sp\u00e9cialis\u00e9 en droit immobilier, etc &#8230;<\/p>\n<p>Comment prot\u00e9geons-nous vos informations &#8211; RGPD :<\/p>\n<p>Nous avons mis en place diverses proc\u00e9dures de s\u00e9curit\u00e9 afin de prot\u00e9ger tous renseignements personnels d\u00e9tenus incluant le stockage, l&rsquo;acc\u00e8s et la divulgation de vos informations qui restent stock\u00e9s en interne et non pas sur internet.<\/p>\n<p>Mise \u00e0 jour de vos coordonn\u00e9es :<\/p>\n<p>Si l&rsquo;une des informations que vous avez fournies a Freddy Rueda Sarl devait changer, par exemple si vous changez votre adresse e-mail, ou si vous souhaitez ne plus recevoir de mails de notre part, veuillez nous en informer et nous agirons imm\u00e9diatement, vous pouvez utiliser cet e-mail pour nous contacter nottament : frueda@realestateoccitanie.com<\/p>\n<p>Sarl au capital de 7.622,45 euros &#8211; RCS B\u00e9ziers 399 598 846 &#8211; Agence immobili\u00e8re titulaire de la carte professionnelle Transactions sur immeubles et fonds de commerce n\u00b0 3401 2018 000 031 951, d\u00e9livr\u00e9e par la Pr\u00e9fecture de l&rsquo;H\u00e9rault &#8211; Non-d\u00e9tention de fonds et donc absence de garantie financi\u00e8re &#8211; Responsabilit\u00e9 civile professionnelle Multagim Allianz n\u00b041319158.<\/p>\n<p>IMPORTANT : Les fiches des maisons et terrains sur notre site et sur nos fiches comportent des indications qui ne sont nullement contractuelles et qui ne garantissent en rien les surfaces et les \u00e9l\u00e9ments inclus dans la vente finale. Des erreurs sont possibles. Ces informations sont donn\u00e9es dans le but de donner une id\u00e9e \u00e0 tout \u00e9ventuel acqu\u00e9reur avant visite des biens. L&rsquo;acqu\u00e9reur lors de la visite des biens pourra se faire une id\u00e9e pr\u00e9cise du bien qu&rsquo;il souhaite acheter. Seuls les compromis de vente r\u00e9dig\u00e9s par l&rsquo;agence nous engagent, ceux-ci refl\u00e9tant la n\u00e9gociation finale et les \u00e9l\u00e9ments officiels disponibles \u00e0 ce moment. Ceux r\u00e9dig\u00e9s par un notaire sont de la responsabilit\u00e9 seule du notaire.<\/p>\n","protected":false},"excerpt":{"rendered":"<p>Nos tarifs : Nos mandats sont exclusivement des mandats \u00e0 la charge des vendeurs. Aucune commission n&rsquo;est demand\u00e9e \u00e0 nos acqu\u00e9reurs. Les tarifs que nous pratiquons d\u00e9pendent du prix des diff\u00e9rents biens disponibles \u00e0 la vente et font partie d&rsquo;une n\u00e9gociation avec les vendeurs. La commission minimum est de 4.000 \u20ac TVA incluse pour les biens jusque 50.000 euros. Au dessus la commission d&rsquo;agence &#8230;<\/p>\n","protected":false},"author":3,"featured_media":0,"parent":0,"menu_order":0,"comment_status":"closed","ping_status":"closed","template":"gdpr_terms.php","meta":{"_mi_skip_tracking":false,"_monsterinsights_sitenote_active":false,"_monsterinsights_sitenote_note":"","_monsterinsights_sitenote_category":0},"aioseo_notices":[],"_links":{"self":[{"href":"https:\/\/realestateoccitanie.com\/fr\/wp-json\/wp\/v2\/pages\/20976"}],"collection":[{"href":"https:\/\/realestateoccitanie.com\/fr\/wp-json\/wp\/v2\/pages"}],"about":[{"href":"https:\/\/realestateoccitanie.com\/fr\/wp-json\/wp\/v2\/types\/page"}],"author":[{"embeddable":true,"href":"https:\/\/realestateoccitanie.com\/fr\/wp-json\/wp\/v2\/users\/3"}],"replies":[{"embeddable":true,"href":"https:\/\/realestateoccitanie.com\/fr\/wp-json\/wp\/v2\/comments?post=20976"}],"version-history":[{"count":1,"href":"https:\/\/realestateoccitanie.com\/fr\/wp-json\/wp\/v2\/pages\/20976\/revisions"}],"predecessor-version":[{"id":20977,"href":"https:\/\/realestateoccitanie.com\/fr\/wp-json\/wp\/v2\/pages\/20976\/revisions\/20977"}],"wp:attachment":[{"href":"https:\/\/realestateoccitanie.com\/fr\/wp-json\/wp\/v2\/media?parent=20976"}],"curies":[{"name":"wp","href":"https:\/\/api.w.org\/{rel}","templated":true}]}}